{"id":81,"date":"2012-04-02T09:59:08","date_gmt":"2012-04-02T09:59:08","guid":{"rendered":"http:\/\/profihobby.cz\/?page_id=81"},"modified":"2012-04-02T16:27:50","modified_gmt":"2012-04-02T16:27:50","slug":"stihl-kombisystem-a-multisystem","status":"publish","type":"page","link":"https:\/\/profihobby.cz\/?page_id=81","title":{"rendered":"Kombi a MultiSyst\u00e9m STIHL"},"content":{"rendered":"<h3><strong>KombiSyst\u00e9m a MultiSyst\u00e9m<\/strong><br \/>\n<strong>Tak p\u0159izp\u016fsobiv\u00e9, jako jsou Va\u0161e Va\u0161e pot\u0159eby rozmanit\u00e9<\/strong><\/h3>\n<p>KombiSyst\u00e9m pro kompletn\u00ed p\u00e9\u010di o zele\u0148 se skl\u00e1d\u00e1 z KombiMotoru a KombiN\u00e1stroje. KombiMotory jsou vybaveny d\u011blitelnou ty\u010d\u00ed s rychlospojkou. Na rychlospojku nasad\u00edte podle pot\u0159eby n\u011bkter\u00fd z KombiN\u00e1stroj\u016f. Jde to rychle a bez pou\u017eit\u00ed n\u00e1\u0159ad\u00ed. Dal\u0161\u00ed KombiN\u00e1stroje si p\u0159\u00edpadn\u011b dokoup\u00edte na z\u00e1klad\u011b nov\u011b vznikl\u00fdch pot\u0159eb. Podobnou rozmanitost nab\u00edz\u00ed Multisyst\u00e9m STIHL MM 55 s mo\u017enost\u00ed a\u017e 6 v\u00fdm\u011bnn\u00fdch n\u00e1stavc\u016f. Jeho z\u00e1klad tvo\u0159\u00ed multimotor MM 55, na kter\u00fd se bez pou\u017eit\u00ed n\u00e1\u0159ad\u00ed snadno a rychle nasazuje pot\u0159ebn\u00fd n\u00e1stroj.<\/p>\n<p><a href=\"https:\/\/profihobby.cz\/wp-content\/uploads\/2012\/04\/kombisystem-stihl.png\"><img decoding=\"async\" loading=\"lazy\" class=\"alignnone size-full wp-image-48\" title=\"Kombisyst\u00e9m STIHL\" src=\"https:\/\/profihobby.cz\/wp-content\/uploads\/2012\/04\/kombisystem-stihl.png\" alt=\"Kombisyst\u00e9m STIHL\" width=\"650\" height=\"182\" srcset=\"https:\/\/profihobby.cz\/wp-content\/uploads\/2012\/04\/kombisystem-stihl.png 650w, https:\/\/profihobby.cz\/wp-content\/uploads\/2012\/04\/kombisystem-stihl-300x84.png 300w\" sizes=\"(max-width: 650px) 100vw, 650px\" \/><\/a><\/p>\n<p>&nbsp;<\/p>\n<ul>\n<li><a title=\"KombiSyst\u00e9m s motory 4-MIX\" href=\"http:\/\/www.stihl.cz\/Produkty-STIHL\/KombiSyst\u00e9m-a-MultiSyst\u00e9m\/KombiSyst\u00e9m-s-motory-4-MIX\/2779-1481\/KM-100-R.aspx\">KombiSyst\u00e9m s motory 4-MIX<\/a><\/li>\n<li><a title=\"KombiN\u00e1stroje\" href=\"http:\/\/www.stihl.cz\/Produkty-STIHL\/KombiSyst\u00e9m-a-MultiSyst\u00e9m\/01482\/KombiN\u00e1stroje.aspx\">KombiN\u00e1stroje<\/a><\/li>\n<li><a title=\"STIHL MM 55\" href=\"http:\/\/www.stihl.cz\/Produkty-STIHL\/KombiSyst\u00e9m-a-MultiSyst\u00e9m\/STIHL-MM-55\/2633-1514\/MM-55.aspx\">STIHL MM 55<\/a><\/li>\n<li><a title=\"Adapt\u00e9ry pro MultiSyst\u00e9m MM 55 \" href=\"http:\/\/www.stihl.cz\/Produkty-STIHL\/KombiSyst\u00e9m-a-MultiSyst\u00e9m\/01515\/Adapt\u00e9ry-pro-MultiSyst\u00e9m-MM-55.aspx\">Adapt\u00e9ry pro MultiSyst\u00e9m MM 55\u00a0<\/a><\/li>\n<\/ul>\n<p><a href=\"https:\/\/profihobby.cz\/wp-content\/uploads\/2012\/04\/kombisystem-stihl.png\"><br \/>\n<\/a><\/p>\n","protected":false},"excerpt":{"rendered":"<p>KombiSyst\u00e9m a MultiSyst\u00e9m Tak p\u0159izp\u016fsobiv\u00e9, jako jsou Va\u0161e Va\u0161e pot\u0159eby rozmanit\u00e9 KombiSyst\u00e9m pro kompletn\u00ed p\u00e9\u010di o zele\u0148 se skl\u00e1d\u00e1 z KombiMotoru a KombiN\u00e1stroje. KombiMotory jsou vybaveny d\u011blitelnou ty\u010d\u00ed s rychlospojkou. Na rychlospojku nasad\u00edte podle pot\u0159eby n\u011bkter\u00fd z KombiN\u00e1stroj\u016f. Jde to rychle a bez pou\u017eit\u00ed n\u00e1\u0159ad\u00ed. Dal\u0161\u00ed KombiN\u00e1stroje si p\u0159\u00edpadn\u011b dokoup\u00edte na z\u00e1klad\u011b nov\u011b vznikl\u00fdch pot\u0159eb. [&hellip;]<\/p>\n","protected":false},"author":1,"featured_media":0,"parent":0,"menu_order":8,"comment_status":"open","ping_status":"closed","template":"","meta":[],"_links":{"self":[{"href":"https:\/\/profihobby.cz\/index.php?rest_route=\/wp\/v2\/pages\/81"}],"collection":[{"href":"https:\/\/profihobby.cz\/index.php?rest_route=\/wp\/v2\/pages"}],"about":[{"href":"https:\/\/profihobby.cz\/index.php?rest_route=\/wp\/v2\/types\/page"}],"author":[{"embeddable":true,"href":"https:\/\/profihobby.cz\/index.php?rest_route=\/wp\/v2\/users\/1"}],"replies":[{"embeddable":true,"href":"https:\/\/profihobby.cz\/index.php?rest_route=%2Fwp%2Fv2%2Fcomments&post=81"}],"version-history":[{"count":8,"href":"https:\/\/profihobby.cz\/index.php?rest_route=\/wp\/v2\/pages\/81\/revisions"}],"predecessor-version":[{"id":134,"href":"https:\/\/profihobby.cz\/index.php?rest_route=\/wp\/v2\/pages\/81\/revisions\/134"}],"wp:attachment":[{"href":"https:\/\/profihobby.cz\/index.php?rest_route=%2Fwp%2Fv2%2Fmedia&parent=81"}],"curies":[{"name":"wp","href":"https:\/\/api.w.org\/{rel}","templated":true}]}}