{"id":78,"date":"2012-04-02T09:58:15","date_gmt":"2012-04-02T09:58:15","guid":{"rendered":"http:\/\/profihobby.cz\/?page_id=78"},"modified":"2016-04-24T14:09:55","modified_gmt":"2016-04-24T14:09:55","slug":"stihl-motorove-foukace-vysavace-a-rosice","status":"publish","type":"page","link":"https:\/\/profihobby.cz\/?page_id=78","title":{"rendered":"Fouka\u010de, vysava\u010de a rosi\u010de"},"content":{"rendered":"<h3><strong>Motorov\u00e9 fouka\u010de, vysava\u010de a rosi\u010de STIHL<\/strong><\/h3>\n<p>Na zahrad\u00e1ch, parc\u00edch, komunikac\u00edch a parkovi\u0161t\u00edch bude \u00faklid s fouka\u010di a vysava\u010di STIHL rychlou z\u00e1le\u017eitost\u00ed. A to nejen na podzim, kdy si snadno porad\u00ed se z\u00e1plavou list\u00ed: zbytky posekan\u00e9 tr\u00e1vy, v\u011btvi\u010dky, \u010derstv\u00fd pra\u0161an, odpadky po po\u0159\u00e1d\u00e1n\u00ed akce &#8211; to v\u0161e dok\u00e1\u017e\u00ed tyto stroje efektivn\u011b uklidit. Zahradn\u00ed vysava\u010de s rozm\u011bl\u0148ovac\u00edm za\u0159\u00edzen\u00edm z\u00e1rove\u0148 zahradn\u00ed odpad rozsekaj\u00ed na tak kr\u00e1tk\u00e9 a mal\u00e9 kousky, \u017ee se m\u016f\u017ee p\u0159\u00edmo pou\u017e\u00edt ke kompostov\u00e1n\u00ed nebo mul\u010dov\u00e1n\u00ed. A motorov\u00e9 rosi\u010de STIHL zvl\u00e1dnou rozpra\u0161ov\u00e1n\u00ed prost\u0159edk\u016f na ochranu rostlin v ovocn\u00e1\u0159stv\u00ed, vina\u0159stv\u00ed a zelin\u00e1\u0159stv\u00ed rychle a efektivn\u011b.<\/p>\n<p><a href=\"https:\/\/profihobby.cz\/wp-content\/uploads\/2012\/04\/foukace-vysavace-rosice.jpg\"><img decoding=\"async\" loading=\"lazy\" class=\"alignnone size-full wp-image-91\" title=\"Fouka\u010de, vysava\u010de, rosi\u010de STIHL\" src=\"https:\/\/profihobby.cz\/wp-content\/uploads\/2012\/04\/foukace-vysavace-rosice.jpg\" alt=\"Fouka\u010de, vysava\u010de, rosi\u010de STIHL\" width=\"650\" height=\"138\" srcset=\"https:\/\/profihobby.cz\/wp-content\/uploads\/2012\/04\/foukace-vysavace-rosice.jpg 650w, https:\/\/profihobby.cz\/wp-content\/uploads\/2012\/04\/foukace-vysavace-rosice-300x63.jpg 300w\" sizes=\"(max-width: 650px) 100vw, 650px\" \/><\/a><\/p>\n<h3><a title=\"Ru\u010dn\u00ed fouka\u010de a vysava\u010de STIHL\" href=\"http:\/\/www.stihl.cz\/Produkty-STIHL\/Motorov\u00e9-fouka\u010de-vysava\u010de-a-rosi\u010de\/0410\/Ru\u010dn\u00ed-fouka\u010de-a-vysava\u010de.aspx\">Ru\u010dn\u00ed fouka\u010de a vysava\u010de STIHL<\/a><\/h3>\n<h3><a title=\"Z\u00e1dov\u00e9 benz\u00ednov\u00e9 fouka\u010de STIHL\" href=\"http:\/\/www.stihl.cz\/Produkty-STIHL\/Motorov\u00e9-fouka\u010de-vysava\u010de-a-rosi\u010de\/0460\/Z\u00e1dov\u00e9-benz\u00ednov\u00e9-fouka\u010de.aspx\">Z\u00e1dov\u00e9 benz\u00ednov\u00e9 fouka\u010de STIHL<\/a><\/h3>\n<h3><a title=\"Motorov\u00e9 rosi\u010de STIHL\" href=\"http:\/\/www.stihl.cz\/Produkty-STIHL\/Motorov\u00e9-fouka\u010de-vysava\u010de-a-rosi\u010de\/Motorov\u00e9-rosi\u010de\/21935-420\/SR-430.aspx\">Motorov\u00e9 rosi\u010de STIHL<\/a><\/h3>\n<p>&nbsp;<\/p>\n<p>D\u00e1le nab\u00edz\u00edme:<\/p>\n<h3><a title=\"Vysava\u010de, fukary na list\u00ed HECHT \" href=\"http:\/\/cz.hecht.cz\/zahrada\/fukary-vysavace\/\">Vysava\u010de, fukary na list\u00ed HECHT<\/a><\/h3>\n<h3><\/h3>\n","protected":false},"excerpt":{"rendered":"<p>Motorov\u00e9 fouka\u010de, vysava\u010de a rosi\u010de STIHL Na zahrad\u00e1ch, parc\u00edch, komunikac\u00edch a parkovi\u0161t\u00edch bude \u00faklid s fouka\u010di a vysava\u010di STIHL rychlou z\u00e1le\u017eitost\u00ed. A to nejen na podzim, kdy si snadno porad\u00ed se z\u00e1plavou list\u00ed: zbytky posekan\u00e9 tr\u00e1vy, v\u011btvi\u010dky, \u010derstv\u00fd pra\u0161an, odpadky po po\u0159\u00e1d\u00e1n\u00ed akce &#8211; to v\u0161e dok\u00e1\u017e\u00ed tyto stroje efektivn\u011b uklidit. Zahradn\u00ed vysava\u010de s rozm\u011bl\u0148ovac\u00edm [&hellip;]<\/p>\n","protected":false},"author":1,"featured_media":0,"parent":0,"menu_order":7,"comment_status":"open","ping_status":"closed","template":"","meta":[],"_links":{"self":[{"href":"https:\/\/profihobby.cz\/index.php?rest_route=\/wp\/v2\/pages\/78"}],"collection":[{"href":"https:\/\/profihobby.cz\/index.php?rest_route=\/wp\/v2\/pages"}],"about":[{"href":"https:\/\/profihobby.cz\/index.php?rest_route=\/wp\/v2\/types\/page"}],"author":[{"embeddable":true,"href":"https:\/\/profihobby.cz\/index.php?rest_route=\/wp\/v2\/users\/1"}],"replies":[{"embeddable":true,"href":"https:\/\/profihobby.cz\/index.php?rest_route=%2Fwp%2Fv2%2Fcomments&post=78"}],"version-history":[{"count":11,"href":"https:\/\/profihobby.cz\/index.php?rest_route=\/wp\/v2\/pages\/78\/revisions"}],"predecessor-version":[{"id":508,"href":"https:\/\/profihobby.cz\/index.php?rest_route=\/wp\/v2\/pages\/78\/revisions\/508"}],"wp:attachment":[{"href":"https:\/\/profihobby.cz\/index.php?rest_route=%2Fwp%2Fv2%2Fmedia&parent=78"}],"curies":[{"name":"wp","href":"https:\/\/api.w.org\/{rel}","templated":true}]}}