{"id":76,"date":"2012-04-02T09:57:15","date_gmt":"2012-04-02T09:57:15","guid":{"rendered":"http:\/\/profihobby.cz\/?page_id=76"},"modified":"2016-04-24T14:07:36","modified_gmt":"2016-04-24T14:07:36","slug":"stihl-cistici-stroje","status":"publish","type":"page","link":"https:\/\/profihobby.cz\/?page_id=76","title":{"rendered":"\u010cist\u00edc\u00ed stroje"},"content":{"rendered":"<h3><strong>\u010cist\u00edc\u00ed stroje<\/strong><br \/>\n<strong>Vysokotlak\u00e9 \u010disti\u010de a vysava\u010de STIHL<\/strong><\/h3>\n<p>Vysokotlak\u00e9 \u010disti\u010de efektivn\u011b odstran\u00ed ne\u010distotu spojen\u00edm vody a vysok\u00e9ho tlaku a vysava\u010de such\u00fdch a mokr\u00fdch ne\u010distot spolknou v\u0161echno, co se jim dostane p\u0159ed sac\u00ed hubici. S bohat\u00fdm zvl\u00e1\u0161tn\u00edm p\u0159\u00edslu\u0161enstv\u00edm a v kvalit\u011b firmy STIHL.<\/p>\n<h3><a title=\"Vysokotlak\u00e9 \u010disti\u010de\" href=\"http:\/\/www.stihl.cz\/Produkty-STIHL\/\u010cist\u00edc\u00ed-stroje\/0310\/Vysokotlak\u00e9-\u010disti\u010de.aspx\">Vysokotlak\u00e9 \u010disti\u010de<\/a><\/h3>\n<h3><a title=\"Vysava\u010de mokr\u00fdch a such\u00fdch ne\u010distot\" href=\"http:\/\/www.stihl.cz\/Produkty-STIHL\/\u010cist\u00edc\u00ed-stroje\/0330\/Vysava\u010de-mokr\u00fdch-a-such\u00fdch-ne\u010distot.aspx\">Vysava\u010de mokr\u00fdch a such\u00fdch ne\u010distot<\/a><\/h3>\n<p><a href=\"https:\/\/profihobby.cz\/wp-content\/uploads\/2012\/04\/cistici-stroje.png\"><img decoding=\"async\" loading=\"lazy\" class=\"alignnone size-full wp-image-52\" title=\"\u010cist\u00edc\u00ed stroje\" src=\"https:\/\/profihobby.cz\/wp-content\/uploads\/2012\/04\/cistici-stroje.png\" alt=\"\u010cist\u00edc\u00ed stroje\" width=\"650\" height=\"169\" srcset=\"https:\/\/profihobby.cz\/wp-content\/uploads\/2012\/04\/cistici-stroje.png 650w, https:\/\/profihobby.cz\/wp-content\/uploads\/2012\/04\/cistici-stroje-300x78.png 300w\" sizes=\"(max-width: 650px) 100vw, 650px\" \/><\/a><\/p>\n<p>&nbsp;<\/p>\n<p>D\u00e1le nab\u00edz\u00edme:<\/p>\n<h3><a title=\"Vyskotlak\u00e9 my\u010dky HECHT\" href=\"http:\/\/cz.hecht.cz\/zahrada\/vysokotlake-cistice\/\">Vysokotlak\u00e9 my\u010dky HECHT<\/a><\/h3>\n<h3><a title=\"Tlakov\u00e9 my\u010dky MAKITA\" href=\"http:\/\/www.makita.cz\/katalog\/subkategorie\/12\">Tlakov\u00e9 my\u010dky MAKITA<\/a><\/h3>\n<h3><a title=\"Vysokotlak\u00e9 \u010dis\u010dti\u010de BOSCH \" href=\"http:\/\/www.bosch-pt.cz\/boptocs2-cz\/Zahradn\u00ed+n\u00e1\u0159ad\u00ed\/N\u00e1\u0159ad\u00ed+-+pr\u00edslu\u0161enstv\u00ed\/CZ\/cs\/aw\/Vysokotlak\u00e9+\u010disti\u010de\/169239\/index.htm\">Vysokotlak\u00e9 \u010dis\u010dti\u010de BOSCH<\/a><\/h3>\n<p>&nbsp;<\/p>\n","protected":false},"excerpt":{"rendered":"<p>\u010cist\u00edc\u00ed stroje Vysokotlak\u00e9 \u010disti\u010de a vysava\u010de STIHL Vysokotlak\u00e9 \u010disti\u010de efektivn\u011b odstran\u00ed ne\u010distotu spojen\u00edm vody a vysok\u00e9ho tlaku a vysava\u010de such\u00fdch a mokr\u00fdch ne\u010distot spolknou v\u0161echno, co se jim dostane p\u0159ed sac\u00ed hubici. S bohat\u00fdm zvl\u00e1\u0161tn\u00edm p\u0159\u00edslu\u0161enstv\u00edm a v kvalit\u011b firmy STIHL. Vysokotlak\u00e9 \u010disti\u010de Vysava\u010de mokr\u00fdch a such\u00fdch ne\u010distot &nbsp; D\u00e1le nab\u00edz\u00edme: Vysokotlak\u00e9 my\u010dky HECHT Tlakov\u00e9 [&hellip;]<\/p>\n","protected":false},"author":1,"featured_media":0,"parent":0,"menu_order":6,"comment_status":"open","ping_status":"closed","template":"","meta":[],"_links":{"self":[{"href":"https:\/\/profihobby.cz\/index.php?rest_route=\/wp\/v2\/pages\/76"}],"collection":[{"href":"https:\/\/profihobby.cz\/index.php?rest_route=\/wp\/v2\/pages"}],"about":[{"href":"https:\/\/profihobby.cz\/index.php?rest_route=\/wp\/v2\/types\/page"}],"author":[{"embeddable":true,"href":"https:\/\/profihobby.cz\/index.php?rest_route=\/wp\/v2\/users\/1"}],"replies":[{"embeddable":true,"href":"https:\/\/profihobby.cz\/index.php?rest_route=%2Fwp%2Fv2%2Fcomments&post=76"}],"version-history":[{"count":9,"href":"https:\/\/profihobby.cz\/index.php?rest_route=\/wp\/v2\/pages\/76\/revisions"}],"predecessor-version":[{"id":506,"href":"https:\/\/profihobby.cz\/index.php?rest_route=\/wp\/v2\/pages\/76\/revisions\/506"}],"wp:attachment":[{"href":"https:\/\/profihobby.cz\/index.php?rest_route=%2Fwp%2Fv2%2Fmedia&parent=76"}],"curies":[{"name":"wp","href":"https:\/\/api.w.org\/{rel}","templated":true}]}}