{"id":62,"date":"2012-04-01T19:27:50","date_gmt":"2012-04-01T19:27:50","guid":{"rendered":"http:\/\/profihobby.cz\/?page_id=62"},"modified":"2024-06-15T07:06:25","modified_gmt":"2024-06-15T07:06:25","slug":"o-nas","status":"publish","type":"page","link":"https:\/\/profihobby.cz\/?page_id=62","title":{"rendered":"O n\u00e1s"},"content":{"rendered":"<p>Firma Profi Hobby je autorizovan\u00fdm prodejcem a servisem zna\u010dek STIHL, VIKING, VARI a WERCO.<\/p>\n<p>Na trhu p\u016fsob\u00edme od roku 2001 a za tu dobu jsme nasb\u00edrali mnoho zku\u0161enost\u00ed s prodejem lesn\u00ed a zahradn\u00ed techniky, ru\u010dn\u00edho a elektrick\u00e9ho n\u00e1\u0159ad\u00ed pro profesion\u00e1ly i hobby d\u00edlnu.<\/p>\n<p>M\u00e1me dlouholetou praxi v \u00fadr\u017eb\u011b zelen\u011b a sportovi\u0161\u0165.<\/p>\n<p>Na\u0161im z\u00e1kazn\u00edk\u016fm se sna\u017e\u00edme stoprocentn\u011b vyhov\u011bt, d\u00edky \u010demu\u017e se k n\u00e1m r\u00e1di vracej\u00ed.<\/p>\n<p>\u00a0<\/p>\n\n\n<figure class=\"wp-block-image size-large\"><a href=\"https:\/\/profihobby.cz\/wp-content\/uploads\/2024\/06\/interier1-1.png\"><img decoding=\"async\" loading=\"lazy\" width=\"1024\" height=\"768\" src=\"https:\/\/profihobby.cz\/wp-content\/uploads\/2024\/06\/interier1-1-1024x768.png\" alt=\"\" class=\"wp-image-737\" srcset=\"https:\/\/profihobby.cz\/wp-content\/uploads\/2024\/06\/interier1-1-1024x768.png 1024w, https:\/\/profihobby.cz\/wp-content\/uploads\/2024\/06\/interier1-1-300x225.png 300w, https:\/\/profihobby.cz\/wp-content\/uploads\/2024\/06\/interier1-1-768x576.png 768w, https:\/\/profihobby.cz\/wp-content\/uploads\/2024\/06\/interier1-1.png 1200w\" sizes=\"(max-width: 1024px) 100vw, 1024px\" \/><\/a><\/figure>\n\n\n\n<figure class=\"wp-block-image size-full\"><a href=\"https:\/\/profihobby.cz\/wp-content\/uploads\/2024\/06\/interier2.png\"><img decoding=\"async\" loading=\"lazy\" width=\"1000\" height=\"750\" src=\"https:\/\/profihobby.cz\/wp-content\/uploads\/2024\/06\/interier2.png\" alt=\"\" class=\"wp-image-741\" srcset=\"https:\/\/profihobby.cz\/wp-content\/uploads\/2024\/06\/interier2.png 1000w, https:\/\/profihobby.cz\/wp-content\/uploads\/2024\/06\/interier2-300x225.png 300w, https:\/\/profihobby.cz\/wp-content\/uploads\/2024\/06\/interier2-768x576.png 768w\" sizes=\"(max-width: 1000px) 100vw, 1000px\" \/><\/a><\/figure>\n","protected":false},"excerpt":{"rendered":"<p>Firma Profi Hobby je autorizovan\u00fdm prodejcem a servisem zna\u010dek STIHL, VIKING, VARI a WERCO. Na trhu p\u016fsob\u00edme od roku 2001 a za tu dobu jsme nasb\u00edrali mnoho zku\u0161enost\u00ed s prodejem lesn\u00ed a zahradn\u00ed techniky, ru\u010dn\u00edho a elektrick\u00e9ho n\u00e1\u0159ad\u00ed pro profesion\u00e1ly i hobby d\u00edlnu. M\u00e1me dlouholetou praxi v \u00fadr\u017eb\u011b zelen\u011b a sportovi\u0161\u0165. Na\u0161im z\u00e1kazn\u00edk\u016fm se sna\u017e\u00edme [&hellip;]<\/p>\n","protected":false},"author":1,"featured_media":0,"parent":0,"menu_order":0,"comment_status":"open","ping_status":"open","template":"","meta":[],"_links":{"self":[{"href":"https:\/\/profihobby.cz\/index.php?rest_route=\/wp\/v2\/pages\/62"}],"collection":[{"href":"https:\/\/profihobby.cz\/index.php?rest_route=\/wp\/v2\/pages"}],"about":[{"href":"https:\/\/profihobby.cz\/index.php?rest_route=\/wp\/v2\/types\/page"}],"author":[{"embeddable":true,"href":"https:\/\/profihobby.cz\/index.php?rest_route=\/wp\/v2\/users\/1"}],"replies":[{"embeddable":true,"href":"https:\/\/profihobby.cz\/index.php?rest_route=%2Fwp%2Fv2%2Fcomments&post=62"}],"version-history":[{"count":10,"href":"https:\/\/profihobby.cz\/index.php?rest_route=\/wp\/v2\/pages\/62\/revisions"}],"predecessor-version":[{"id":743,"href":"https:\/\/profihobby.cz\/index.php?rest_route=\/wp\/v2\/pages\/62\/revisions\/743"}],"wp:attachment":[{"href":"https:\/\/profihobby.cz\/index.php?rest_route=%2Fwp%2Fv2%2Fmedia&parent=62"}],"curies":[{"name":"wp","href":"https:\/\/api.w.org\/{rel}","templated":true}]}}