{"id":38,"date":"2012-04-01T17:01:28","date_gmt":"2012-04-01T17:01:28","guid":{"rendered":"http:\/\/profihobby.cz\/?page_id=38"},"modified":"2016-04-24T14:01:15","modified_gmt":"2016-04-24T14:01:15","slug":"vyzinace-a-krovinorezy","status":"publish","type":"page","link":"https:\/\/profihobby.cz\/?page_id=38","title":{"rendered":"Vy\u017e\u00edna\u010de a k\u0159ovino\u0159ezy"},"content":{"rendered":"<h3>Vy\u017e\u00edna\u010de a k\u0159ovino\u0159ezy STIHL<\/h3>\n<p>V n\u00e1ro\u010dn\u00e9m ter\u00e9nu a p\u0159edev\u0161\u00edm v\u0161ude tam, kde nelze pou\u017e\u00edt zahradn\u00ed seka\u010dky, jsou vy\u017e\u00edna\u010de a k\u0159ovino\u0159ezy STIHL ve sv\u00e9m \u017eivlu. V z\u00e1vislosti na v\u00fdkonu motoru a \u0159ezn\u00e9m n\u00e1stroji \u0159e\u0161\u00ed rozsah prac\u00ed od za\u010di\u0161\u0165ov\u00e1n\u00ed okraj\u016f tr\u00e1vn\u00edk\u016f a\u017e po prosv\u011btlov\u00e1n\u00ed sukovit\u00fdch k\u0159ovin. R\u016fzn\u00e9 v\u00fdkonov\u00e9 t\u0159\u00eddy usnad\u0148uj\u00ed v\u00fdb\u011br n\u00e1\u0159ad\u00ed optim\u00e1ln\u011b odpov\u00eddaj\u00edc\u00edho Va\u0161im pot\u0159eb\u00e1m. P\u0159i v\u00fdb\u011bru V\u00e1m r\u00e1di porad\u00edme.<\/p>\n<p><strong>Na\u0161e prodejna prov\u00e1d\u00ed z\u00e1ru\u010dn\u00ed a poz\u00e1ru\u010dn\u00ed servis.<\/strong><\/p>\n<p><a href=\"https:\/\/profihobby.cz\/wp-content\/uploads\/2012\/04\/vyzinace-krovinorezy.png\"><img decoding=\"async\" loading=\"lazy\" class=\"alignnone size-full wp-image-39\" title=\"Vy\u017e\u00edna\u010de a k\u0159ovino\u0159ezy\" src=\"https:\/\/profihobby.cz\/wp-content\/uploads\/2012\/04\/vyzinace-krovinorezy.png\" alt=\"Vy\u017e\u00edna\u010de a k\u0159ovino\u0159ezy\" width=\"650\" height=\"130\" srcset=\"https:\/\/profihobby.cz\/wp-content\/uploads\/2012\/04\/vyzinace-krovinorezy.png 650w, https:\/\/profihobby.cz\/wp-content\/uploads\/2012\/04\/vyzinace-krovinorezy-300x60.png 300w\" sizes=\"(max-width: 650px) 100vw, 650px\" \/><\/a><\/p>\n<h3><a href=\"https:\/\/profihobby.cz\/wp-content\/uploads\/2012\/04\/k\u0159iv\u00edky.0001.pdf\">Aktu\u00e1ln\u00ed nab\u00eddka vy\u017e\u00edna\u010d\u016f a k\u0159ovino\u0159ez\u016f STIHL<\/a><\/h3>\n<h3><a href=\"https:\/\/profihobby.cz\/wp-content\/uploads\/2012\/04\/cenik-kroviky.pdf\">Aktu\u00e1ln\u00ed cen\u00edk k\u0159ovino\u0159ez\u016f a vy\u017e\u00edna\u010d\u016f STIHL\u00a0<\/a><\/h3>\n<p>&nbsp;<\/p>\n<p>V na\u0161\u00ed nab\u00eddce d\u00e1le naleznete produkty dal\u0161\u00edch zna\u010dek:<\/p>\n<h3><a title=\"K\u0159ovino\u0159ezy Echo\" href=\"http:\/\/www.werco.cz\/krovinorezy.htm?assist=1&amp;ass_man[]=9\">K\u0159ovino\u0159ezy ECHO<\/a><\/h3>\n<h3><a title=\"Vy\u017e\u00edna\u010de ECHO\" href=\"http:\/\/www.werco.cz\/strunove-vyzinace.htm\">Vy\u017e\u00edna\u010de ECHO<\/a><\/h3>\n","protected":false},"excerpt":{"rendered":"<p>Vy\u017e\u00edna\u010de a k\u0159ovino\u0159ezy STIHL V n\u00e1ro\u010dn\u00e9m ter\u00e9nu a p\u0159edev\u0161\u00edm v\u0161ude tam, kde nelze pou\u017e\u00edt zahradn\u00ed seka\u010dky, jsou vy\u017e\u00edna\u010de a k\u0159ovino\u0159ezy STIHL ve sv\u00e9m \u017eivlu. V z\u00e1vislosti na v\u00fdkonu motoru a \u0159ezn\u00e9m n\u00e1stroji \u0159e\u0161\u00ed rozsah prac\u00ed od za\u010di\u0161\u0165ov\u00e1n\u00ed okraj\u016f tr\u00e1vn\u00edk\u016f a\u017e po prosv\u011btlov\u00e1n\u00ed sukovit\u00fdch k\u0159ovin. R\u016fzn\u00e9 v\u00fdkonov\u00e9 t\u0159\u00eddy usnad\u0148uj\u00ed v\u00fdb\u011br n\u00e1\u0159ad\u00ed optim\u00e1ln\u011b odpov\u00eddaj\u00edc\u00edho Va\u0161im pot\u0159eb\u00e1m. P\u0159i [&hellip;]<\/p>\n","protected":false},"author":1,"featured_media":0,"parent":0,"menu_order":3,"comment_status":"open","ping_status":"closed","template":"","meta":[],"_links":{"self":[{"href":"https:\/\/profihobby.cz\/index.php?rest_route=\/wp\/v2\/pages\/38"}],"collection":[{"href":"https:\/\/profihobby.cz\/index.php?rest_route=\/wp\/v2\/pages"}],"about":[{"href":"https:\/\/profihobby.cz\/index.php?rest_route=\/wp\/v2\/types\/page"}],"author":[{"embeddable":true,"href":"https:\/\/profihobby.cz\/index.php?rest_route=\/wp\/v2\/users\/1"}],"replies":[{"embeddable":true,"href":"https:\/\/profihobby.cz\/index.php?rest_route=%2Fwp%2Fv2%2Fcomments&post=38"}],"version-history":[{"count":15,"href":"https:\/\/profihobby.cz\/index.php?rest_route=\/wp\/v2\/pages\/38\/revisions"}],"predecessor-version":[{"id":500,"href":"https:\/\/profihobby.cz\/index.php?rest_route=\/wp\/v2\/pages\/38\/revisions\/500"}],"wp:attachment":[{"href":"https:\/\/profihobby.cz\/index.php?rest_route=%2Fwp%2Fv2%2Fmedia&parent=38"}],"curies":[{"name":"wp","href":"https:\/\/api.w.org\/{rel}","templated":true}]}}