{"id":269,"date":"2012-05-10T08:34:10","date_gmt":"2012-05-10T08:34:10","guid":{"rendered":"http:\/\/profihobby.cz\/?page_id=269"},"modified":"2012-05-10T08:34:18","modified_gmt":"2012-05-10T08:34:18","slug":"zahradni-traktory-ridery","status":"publish","type":"page","link":"https:\/\/profihobby.cz\/?page_id=269","title":{"rendered":"Zahradn\u00ed traktory, ridery"},"content":{"rendered":"<h3><a href=\"https:\/\/profihobby.cz\/wp-content\/uploads\/2012\/05\/viking-traktor.jpg\"><img decoding=\"async\" loading=\"lazy\" class=\"size-full wp-image-271 alignnone\" title=\"Zahradn\u00ed traktory\" src=\"https:\/\/profihobby.cz\/wp-content\/uploads\/2012\/05\/viking-traktor.jpg\" alt=\"\" width=\"650\" height=\"245\" srcset=\"https:\/\/profihobby.cz\/wp-content\/uploads\/2012\/05\/viking-traktor.jpg 650w, https:\/\/profihobby.cz\/wp-content\/uploads\/2012\/05\/viking-traktor-300x113.jpg 300w\" sizes=\"(max-width: 650px) 100vw, 650px\" \/><\/a><\/h3>\n<h3><a title=\"Zahradn\u00ed traktory\" href=\"http:\/\/www.stihl.cz\/Produkty-VIKING\/1800\/Zahradn\u00ed-traktory-VIKING.aspx\">Zahradn\u00ed traktory VIKING<\/a><\/h3>\n<p>&nbsp;<\/p>\n<p>D\u00e1le nab\u00edz\u00edme:<\/p>\n<h3><a title=\"Zahradn\u00ed traktory MTD\" href=\"http:\/\/www.mtd.cz\/mtd\/traktory\/index.php\">Zahradn\u00ed traktory MTD<\/a><\/h3>\n<h3><a title=\"Rider Hecht\" href=\"http:\/\/www.hecht.cz\/product-catalogue\/garden-care-cz\/rider-cz.htm\">Rider Hecht<\/a> \/ <a title=\"Zahradn\u00ed traktory Hecht\" href=\"http:\/\/www.hecht.cz\/product-catalogue\/garden-care-cz\/zahradni-traktory-cz.htm\">Zahradn\u00ed traktory Hecht<\/a><\/h3>\n<h3><a title=\"Zahradn\u00ed traktory BRILL\" href=\"http:\/\/www.brill.cz\/produkt-31-zahradni_traktory.html\">Zahradn\u00ed traktory BRILL<\/a><\/h3>\n<h3><a title=\"Zahradn\u00ed traktory AL-KO\" href=\"http:\/\/www.al-ko.cz\/garten+hobby-rasenImaehen-rasentraktoren.htm\">Zahradn\u00ed traktory AL-KO<\/a><\/h3>\n<h3><a title=\"Zahradn\u00ed traktory STIGA\" href=\"http:\/\/www.stiga.cz\/Sekaci-traktory\">Zahradn\u00ed traktory STIGA<\/a><\/h3>\n<h3><a title=\"Zahradn\u00ed traktory STARJET\" href=\"http:\/\/www.secogroup.cz\/zaci-technika\/starjet-4x4\/\">Zahradn\u00ed traktory STARJET<\/a><\/h3>\n<h3><a title=\"Zahradn\u00ed traktory CHALLENGE\" href=\"http:\/\/www.secogroup.cz\/zaci-technika\/challenge\/\">Zahradn\u00ed traktory CHALLENGE<\/a><\/h3>\n<h3><a title=\"Mul\u010dovac\u00ed stroje CROSSJET\" href=\"http:\/\/www.secogroup.cz\/zaci-technika\/crossjet-crossjet-4x4\/\">Mul\u010dovac\u00ed stroje CROSSJET<\/a><\/h3>\n<h3><a title=\"Mul\u010dovac\u00ed stroje PANTHER 4X4\" href=\"http:\/\/www.secogroup.cz\/zaci-technika\/panther-4x4\/\">Mul\u010dovac\u00ed stroje PANTHER 4X4<\/a><\/h3>\n<h3><a title=\"Zahradn\u00ed traktory CUB CADET\" href=\"http:\/\/www.cubcadet.com\/webapp\/wcs\/stores\/servlet\/TopCategoriesDisplay?storeId=10051&amp;catalogId=14101\">Zahradn\u00ed traktory CUB CADET<\/a><\/h3>\n<h3><a title=\"Zahradn\u00ed traktory HUSQVARNA\" href=\"http:\/\/www.husqvarna.com\/cz\/products\/garden-tractors\/husqvarna-garden-tractors-for-homeowners\/\">Zahradn\u00ed traktory HUSQVARNA<\/a><\/h3>\n<p>&nbsp;<\/p>\n","protected":false},"excerpt":{"rendered":"<p>Zahradn\u00ed traktory VIKING &nbsp; D\u00e1le nab\u00edz\u00edme: Zahradn\u00ed traktory MTD Rider Hecht \/ Zahradn\u00ed traktory Hecht Zahradn\u00ed traktory BRILL Zahradn\u00ed traktory AL-KO Zahradn\u00ed traktory STIGA Zahradn\u00ed traktory STARJET Zahradn\u00ed traktory CHALLENGE Mul\u010dovac\u00ed stroje CROSSJET Mul\u010dovac\u00ed stroje PANTHER 4X4 Zahradn\u00ed traktory CUB CADET Zahradn\u00ed traktory HUSQVARNA &nbsp;<\/p>\n","protected":false},"author":1,"featured_media":0,"parent":0,"menu_order":4,"comment_status":"open","ping_status":"open","template":"","meta":[],"_links":{"self":[{"href":"https:\/\/profihobby.cz\/index.php?rest_route=\/wp\/v2\/pages\/269"}],"collection":[{"href":"https:\/\/profihobby.cz\/index.php?rest_route=\/wp\/v2\/pages"}],"about":[{"href":"https:\/\/profihobby.cz\/index.php?rest_route=\/wp\/v2\/types\/page"}],"author":[{"embeddable":true,"href":"https:\/\/profihobby.cz\/index.php?rest_route=\/wp\/v2\/users\/1"}],"replies":[{"embeddable":true,"href":"https:\/\/profihobby.cz\/index.php?rest_route=%2Fwp%2Fv2%2Fcomments&post=269"}],"version-history":[{"count":2,"href":"https:\/\/profihobby.cz\/index.php?rest_route=\/wp\/v2\/pages\/269\/revisions"}],"predecessor-version":[{"id":273,"href":"https:\/\/profihobby.cz\/index.php?rest_route=\/wp\/v2\/pages\/269\/revisions\/273"}],"wp:attachment":[{"href":"https:\/\/profihobby.cz\/index.php?rest_route=%2Fwp%2Fv2%2Fmedia&parent=269"}],"curies":[{"name":"wp","href":"https:\/\/api.w.org\/{rel}","templated":true}]}}