{"id":2,"date":"2012-04-01T13:43:43","date_gmt":"2012-04-01T13:43:43","guid":{"rendered":"http:\/\/profihobby.cz\/?page_id=2"},"modified":"2024-08-01T13:42:25","modified_gmt":"2024-08-01T13:42:25","slug":"zkusebni-stranka","status":"publish","type":"page","link":"https:\/\/profihobby.cz\/?page_id=2","title":{"rendered":"Na\u0161e prodejna"},"content":{"rendered":"\n\n<p>Prodejnu Profi Hobby naleznete v centru m\u011bsta Pacova v bezprost\u0159edn\u00ed bl\u00edzkosti hlavn\u00ed silnice. Pro parkov\u00e1n\u00ed m\u016f\u017eete vyu\u017e\u00edt p\u0159ilehl\u00e9 parkovi\u0161t\u011b u obchodn\u00edch dom\u016f Penny a Albert. V p\u0159\u00edpad\u011b odvozu velkoobjemov\u00e9ho zbo\u017e\u00ed lze vyu\u017e\u00edt mal\u00e9 parkovi\u0161t\u011b u obchodu.<br \/><a href=\"https:\/\/profihobby.cz\/wp-content\/uploads\/2024\/06\/prodejna-1.png\"><img decoding=\"async\" loading=\"lazy\" class=\"wp-image-747  alignright\" title=\"profi-hobby-obchod\" src=\"https:\/\/profihobby.cz\/wp-content\/uploads\/2024\/06\/prodejna-1.png\" alt=\"\" width=\"384\" height=\"288\" srcset=\"https:\/\/profihobby.cz\/wp-content\/uploads\/2024\/06\/prodejna-1.png 1000w, https:\/\/profihobby.cz\/wp-content\/uploads\/2024\/06\/prodejna-1-300x225.png 300w, https:\/\/profihobby.cz\/wp-content\/uploads\/2024\/06\/prodejna-1-768x576.png 768w\" sizes=\"(max-width: 384px) 100vw, 384px\" \/><\/a><\/p>\n<h3><strong>Kontaktn\u00ed informace:<\/strong><\/h3>\n<table>\n<tbody>\n<tr>\n<td>Adresa:<\/td>\n<td>\u017di\u017ekova 1051<\/td>\n<\/tr>\n<tr>\n<td>\u00a0<\/td>\n<td>395 01 Pacov<\/td>\n<\/tr>\n<tr>\n<td>Tel. prodejna:<\/td>\n<td>565 444 888, 731 406 752<\/td>\n<\/tr>\n<tr>\n<td>Tel. servis:<\/td>\n<td>731 406 752<\/td>\n<\/tr>\n<tr>\n<td>E-mail:<\/td>\n<td><a title=\"E-mail: profihobby@seznam.cz\" href=\"mailto:profihobby@seznam.cz\">profihobby@seznam.cz<\/a><\/td>\n<\/tr>\n<tr>\n<td>GPS.:<\/td>\n<td>49.470324,15.0013947<\/td>\n<\/tr>\n<tr>\n<td>Facebook:<\/td>\n<td><a href=\"https:\/\/www.facebook.com\/profile.php?id=61557578109726\">Profi Hobby Pacov<\/a><\/td>\n<\/tr>\n<\/tbody>\n<\/table>\n<h3>\u00a0<\/h3>\n<h3><strong>Provozn\u00ed doba:<\/strong><\/h3>\n<table>\n<tbody>\n<tr>\n<td>Pond\u011bl\u00ed &#8211; p\u00e1tek<\/td>\n<td>8:00 &#8211; 12:00 13:00 &#8211; 17:00<\/td>\n<\/tr>\n<tr>\n<td>Sobota<\/td>\n<td>8:00 &#8211; 11:00<\/td>\n<\/tr>\n<\/tbody>\n<\/table>\n<p>\u00a0<\/p>\n<p><iframe loading=\"lazy\" style=\"border: 0;\" src=\"https:\/\/www.google.com\/maps\/embed?pb=!1m18!1m12!1m3!1d2592.7568900728247!2d14.99876161278299!3d49.47020807130245!2m3!1f0!2f0!3f0!3m2!1i1024!2i768!4f13.1!3m3!1m2!1s0x470cec8b8396ad53%3A0xf266470a9812a6e!2s%C5%BDi%C5%BEkova%201051%2C%20395%2001%20Pacov!5e0!3m2!1scs!2scz!4v1718435566014!5m2!1scs!2scz\" width=\"600\" height=\"450\" allowfullscreen=\"allowfullscreen\"><\/iframe><\/p>\n<p>\u00a0<\/p>\n<h3><strong>Kontaktn\u00ed formul\u00e1\u0159<\/strong><\/h3>\n<p>M\u00e1te dotaz? Nev\u00e1hejte a kontaktujte n\u00e1s. R\u00e1di v\u00e1m porad\u00edme.<br \/>\n<div class=\"wpcf7 no-js\" id=\"wpcf7-f68-o1\" lang=\"\" dir=\"ltr\">\n<div class=\"screen-reader-response\"><p role=\"status\" aria-live=\"polite\" aria-atomic=\"true\"><\/p> <ul><\/ul><\/div>\n<form action=\"\/index.php?rest_route=%2Fwp%2Fv2%2Fpages%2F2#wpcf7-f68-o1\" method=\"post\" class=\"wpcf7-form init\" aria-label=\"Kontaktn\u00ed formul\u00e1\u0159\" novalidate=\"novalidate\" data-status=\"init\">\n<div style=\"display: none;\">\n<input type=\"hidden\" name=\"_wpcf7\" value=\"68\" \/>\n<input type=\"hidden\" name=\"_wpcf7_version\" value=\"5.7.7\" \/>\n<input type=\"hidden\" name=\"_wpcf7_locale\" value=\"\" \/>\n<input type=\"hidden\" name=\"_wpcf7_unit_tag\" value=\"wpcf7-f68-o1\" \/>\n<input type=\"hidden\" name=\"_wpcf7_container_post\" value=\"0\" \/>\n<input type=\"hidden\" name=\"_wpcf7_posted_data_hash\" value=\"\" \/>\n<\/div>\n<p>Jm\u00e9no *\n<\/p>\n<p><span class=\"wpcf7-form-control-wrap\" data-name=\"your-name\"><input size=\"40\" class=\"wpcf7-form-control wpcf7-text wpcf7-validates-as-required\" aria-required=\"true\" aria-invalid=\"false\" value=\"\" type=\"text\" name=\"your-name\" \/><\/span>\n<\/p>\n<p>Email *\n<\/p>\n<p><span class=\"wpcf7-form-control-wrap\" data-name=\"your-email\"><input size=\"40\" class=\"wpcf7-form-control wpcf7-text wpcf7-email wpcf7-validates-as-required wpcf7-validates-as-email\" aria-required=\"true\" aria-invalid=\"false\" value=\"\" type=\"email\" name=\"your-email\" \/><\/span>\n<\/p>\n<p>Va\u0161e zpr\u00e1va *\n<\/p>\n<p><span class=\"wpcf7-form-control-wrap\" data-name=\"your-message\"><textarea cols=\"40\" rows=\"10\" class=\"wpcf7-form-control wpcf7-textarea wpcf7-validates-as-required\" aria-required=\"true\" aria-invalid=\"false\" name=\"your-message\"><\/textarea><\/span>\n<\/p>\n<p><input class=\"wpcf7-form-control has-spinner wpcf7-submit\" type=\"submit\" value=\"Odeslat\" \/>\n<\/p><p style=\"display: none !important;\" class=\"akismet-fields-container\" data-prefix=\"_wpcf7_ak_\"><label>&#916;<textarea name=\"_wpcf7_ak_hp_textarea\" cols=\"45\" rows=\"8\" maxlength=\"100\"><\/textarea><\/label><input type=\"hidden\" id=\"ak_js_1\" name=\"_wpcf7_ak_js\" value=\"197\"\/><script>document.getElementById( \"ak_js_1\" ).setAttribute( \"value\", ( new Date() ).getTime() );<\/script><\/p><div class=\"wpcf7-response-output\" aria-hidden=\"true\"><\/div>\n<\/form>\n<\/div>\n<\/p>\n<p>\u00a0<\/p>\n\n\n\n\n\n\n\n\n<figure class=\"wp-block-gallery has-nested-images columns-default is-cropped wp-block-gallery-1 is-layout-flex\">\n<figure class=\"wp-block-image\"><img decoding=\"async\" loading=\"lazy\" width=\"1000\" height=\"750\" data-id=\"741\"  src=\"https:\/\/profihobby.cz\/wp-content\/uploads\/2024\/06\/interier2.png\" alt=\"\" class=\"wp-image-741\" srcset=\"https:\/\/profihobby.cz\/wp-content\/uploads\/2024\/06\/interier2.png 1000w, https:\/\/profihobby.cz\/wp-content\/uploads\/2024\/06\/interier2-300x225.png 300w, https:\/\/profihobby.cz\/wp-content\/uploads\/2024\/06\/interier2-768x576.png 768w\" sizes=\"(max-width: 1000px) 100vw, 1000px\" \/><\/figure>\n\n\n\n<figure class=\"wp-block-image\"><img decoding=\"async\" loading=\"lazy\" width=\"1200\" height=\"900\" data-id=\"737\"  src=\"https:\/\/profihobby.cz\/wp-content\/uploads\/2024\/06\/interier1-1.png\" alt=\"\" class=\"wp-image-737\" srcset=\"https:\/\/profihobby.cz\/wp-content\/uploads\/2024\/06\/interier1-1.png 1200w, https:\/\/profihobby.cz\/wp-content\/uploads\/2024\/06\/interier1-1-300x225.png 300w, https:\/\/profihobby.cz\/wp-content\/uploads\/2024\/06\/interier1-1-1024x768.png 1024w, https:\/\/profihobby.cz\/wp-content\/uploads\/2024\/06\/interier1-1-768x576.png 768w\" sizes=\"(max-width: 1200px) 100vw, 1200px\" \/><\/figure>\n<\/figure>\n","protected":false},"excerpt":{"rendered":"<p>Prodejnu Profi Hobby naleznete v centru m\u011bsta Pacova v bezprost\u0159edn\u00ed bl\u00edzkosti hlavn\u00ed silnice. Pro parkov\u00e1n\u00ed m\u016f\u017eete vyu\u017e\u00edt p\u0159ilehl\u00e9 parkovi\u0161t\u011b u obchodn\u00edch dom\u016f Penny a Albert. V p\u0159\u00edpad\u011b odvozu velkoobjemov\u00e9ho zbo\u017e\u00ed lze vyu\u017e\u00edt mal\u00e9 parkovi\u0161t\u011b u obchodu. Kontaktn\u00ed informace: Adresa: \u017di\u017ekova 1051 \u00a0 395 01 Pacov Tel. prodejna: 565 444 888, 731 406 752 Tel. servis: [&hellip;]<\/p>\n","protected":false},"author":1,"featured_media":0,"parent":0,"menu_order":1,"comment_status":"open","ping_status":"open","template":"","meta":[],"_links":{"self":[{"href":"https:\/\/profihobby.cz\/index.php?rest_route=\/wp\/v2\/pages\/2"}],"collection":[{"href":"https:\/\/profihobby.cz\/index.php?rest_route=\/wp\/v2\/pages"}],"about":[{"href":"https:\/\/profihobby.cz\/index.php?rest_route=\/wp\/v2\/types\/page"}],"author":[{"embeddable":true,"href":"https:\/\/profihobby.cz\/index.php?rest_route=\/wp\/v2\/users\/1"}],"replies":[{"embeddable":true,"href":"https:\/\/profihobby.cz\/index.php?rest_route=%2Fwp%2Fv2%2Fcomments&post=2"}],"version-history":[{"count":39,"href":"https:\/\/profihobby.cz\/index.php?rest_route=\/wp\/v2\/pages\/2\/revisions"}],"predecessor-version":[{"id":757,"href":"https:\/\/profihobby.cz\/index.php?rest_route=\/wp\/v2\/pages\/2\/revisions\/757"}],"wp:attachment":[{"href":"https:\/\/profihobby.cz\/index.php?rest_route=%2Fwp%2Fv2%2Fmedia&parent=2"}],"curies":[{"name":"wp","href":"https:\/\/api.w.org\/{rel}","templated":true}]}}