{"id":189,"date":"2012-04-04T06:32:42","date_gmt":"2012-04-04T06:32:42","guid":{"rendered":"http:\/\/profihobby.cz\/?page_id=189"},"modified":"2016-04-24T14:24:10","modified_gmt":"2016-04-24T14:24:10","slug":"189-2","status":"publish","type":"page","link":"https:\/\/profihobby.cz\/?page_id=189","title":{"rendered":"Elektrocentr\u00e1ly"},"content":{"rendered":"<p>Elektrocentr\u00e1la je za\u0159\u00edzen\u00ed vyr\u00e1b\u011bj\u00edc\u00ed elektrick\u00fd proud a jsou poh\u00e1n\u011bny spalovac\u00edmi motory. Vyu\u017e\u00edvaj\u00ed se v m\u00edstech, kde nelze p\u0159ipojit spot\u0159ebi\u010d do b\u011b\u017en\u00e9 energetick\u00e9 s\u00edt\u011b.<\/p>\n<h3><a href=\"https:\/\/profihobby.cz\/wp-content\/uploads\/2012\/04\/elektrocentraly.jpg\"><img decoding=\"async\" loading=\"lazy\" class=\"alignnone size-full wp-image-190\" title=\"Elektrocentr\u00e1ly\" src=\"https:\/\/profihobby.cz\/wp-content\/uploads\/2012\/04\/elektrocentraly.jpg\" alt=\"Elektrocentr\u00e1ly\" width=\"650\" height=\"200\" srcset=\"https:\/\/profihobby.cz\/wp-content\/uploads\/2012\/04\/elektrocentraly.jpg 650w, https:\/\/profihobby.cz\/wp-content\/uploads\/2012\/04\/elektrocentraly-300x92.jpg 300w\" sizes=\"(max-width: 650px) 100vw, 650px\" \/><\/a><\/h3>\n<h3><a title=\"Elektrocentr\u00e1ly UNITEDPOWER \/ ELEKTROCENTR\u00c1LY HECHT\" href=\"http:\/\/cz.hecht.cz\/workshop-tools\/generatory-elektriny\/\">Elektrocentr\u00e1ly UNITEDPOWER \/ ELEKTROCENTR\u00c1LY HECHT<\/a><\/h3>\n","protected":false},"excerpt":{"rendered":"<p>Elektrocentr\u00e1la je za\u0159\u00edzen\u00ed vyr\u00e1b\u011bj\u00edc\u00ed elektrick\u00fd proud a jsou poh\u00e1n\u011bny spalovac\u00edmi motory. Vyu\u017e\u00edvaj\u00ed se v m\u00edstech, kde nelze p\u0159ipojit spot\u0159ebi\u010d do b\u011b\u017en\u00e9 energetick\u00e9 s\u00edt\u011b. Elektrocentr\u00e1ly UNITEDPOWER \/ ELEKTROCENTR\u00c1LY HECHT<\/p>\n","protected":false},"author":1,"featured_media":0,"parent":0,"menu_order":13,"comment_status":"open","ping_status":"open","template":"","meta":[],"_links":{"self":[{"href":"https:\/\/profihobby.cz\/index.php?rest_route=\/wp\/v2\/pages\/189"}],"collection":[{"href":"https:\/\/profihobby.cz\/index.php?rest_route=\/wp\/v2\/pages"}],"about":[{"href":"https:\/\/profihobby.cz\/index.php?rest_route=\/wp\/v2\/types\/page"}],"author":[{"embeddable":true,"href":"https:\/\/profihobby.cz\/index.php?rest_route=\/wp\/v2\/users\/1"}],"replies":[{"embeddable":true,"href":"https:\/\/profihobby.cz\/index.php?rest_route=%2Fwp%2Fv2%2Fcomments&post=189"}],"version-history":[{"count":9,"href":"https:\/\/profihobby.cz\/index.php?rest_route=\/wp\/v2\/pages\/189\/revisions"}],"predecessor-version":[{"id":518,"href":"https:\/\/profihobby.cz\/index.php?rest_route=\/wp\/v2\/pages\/189\/revisions\/518"}],"wp:attachment":[{"href":"https:\/\/profihobby.cz\/index.php?rest_route=%2Fwp%2Fv2%2Fmedia&parent=189"}],"curies":[{"name":"wp","href":"https:\/\/api.w.org\/{rel}","templated":true}]}}